{"id":29018,"date":"2025-10-07T08:24:35","date_gmt":"2025-10-07T08:24:35","guid":{"rendered":"https:\/\/www.torre-vella.fontenille-collection.com\/?page_id=29018"},"modified":"2025-10-07T17:56:38","modified_gmt":"2025-10-07T17:56:38","slug":"legal-notice","status":"publish","type":"page","link":"https:\/\/www.torre-vella.fontenille-collection.com\/it\/legal-notice\/","title":{"rendered":"Informazioni legali"},"content":{"rendered":"<div data-elementor-type=\"wp-page\" data-elementor-id=\"29018\" class=\"elementor elementor-29018\" data-elementor-settings=\"{&quot;asli_hide_title_disabled&quot;:&quot;yes&quot;}\" data-elementor-post-type=\"page\">\n\t\t\t\t<div class=\"elementor-element elementor-element-671770aa e-flex e-con-boxed pt-xlarge px-gutters-horizontal e-con e-parent\" data-id=\"671770aa\" data-element_type=\"container\" data-e-type=\"container\" data-settings=\"{&quot;background_background&quot;:&quot;classic&quot;}\">\n\t\t\t\t\t<div class=\"e-con-inner\">\n\t\t\t\t<div class=\"elementor-element elementor-element-6ed52724 elementor-widget elementor-widget-text-editor\" data-id=\"6ed52724\" data-element_type=\"widget\" data-e-type=\"widget\" data-widget_type=\"text-editor.default\">\n\t\t\t\t<div class=\"elementor-widget-container\">\n\t\t\t\t\t\t\t\t\t<h2>Informazioni legali<\/h2><p><!-- \/wp:heading --><!-- wp:paragraph --><\/p><p><b>Il nostro sito web: https:torre-vella.com<\/b><\/p><p><!-- \/wp:paragraph --><!-- wp:heading --><!-- \/wp:heading --><!-- wp:paragraph --><\/p><p><strong>Societ\u00e0:<\/strong> Les Domaines de Fontenille SAS<\/p><p><strong>Sede legale: <\/strong>Domaine de Fontenille 84360 Lauris<\/p><p>Indirizzo di contatto e sede secondaria: 9 avenue de l\u2019Op\u00e9ra 75001 Parigi<\/p><p>contact@fontenillecollection.com<\/p><p><strong>SIRENA<\/strong> <strong>:<\/strong> 798 361 184<\/p><p><strong>TVA<\/strong> <strong>:<\/strong> FR13 798361184<\/p><p><strong>Capitale sociale<\/strong> <strong>:<\/strong> 94.626.400 EUR<\/p><p><strong>Oggetto del sito<\/strong> <strong>:<\/strong> Promozione dell'istituto<\/p><p><strong>Direttore responsabile:<\/strong> Fr\u00e9d\u00e9ric Biousse<\/p><p><strong>Responsabile editoriale:<\/strong> Fr\u00e9d\u00e9ric Biousse<\/p><p><strong>Web master, concezione:<\/strong> Pilota<\/p><p><strong>Host: <\/strong>O2SWITCH, societ\u00e0 per azioni semplificata, registrata presso il Registro delle imprese di Clermont-Ferrand con il numero 510 909 807, con sede legale in Chemin des Pardiaux, 63000 Clermont-Ferrand<\/p><p><strong>Proprietario delle fotografie, immagini e testi:<\/strong> Les Domaines de Fontenille SAS<\/p><p><strong>Il sito presenta:<\/strong> contenuti informativi<\/p><p><strong>Raccolta di dati personali online:<\/strong> vedere la sezione Informativa sulla privacy.<\/p><p><strong>Legge sull'informatica e sulle libert\u00e0<\/strong> il sito \u00e8 oggetto di una dichiarazione presso la Commissione Nazionale Informatica e Libert\u00e0. Lei dispone di un diritto di accesso, modifica, rettifica e cancellazione dei dati che La riguardano (art. 34 della legge \u00abInformatica e Libert\u00e0\u00bb). Per esercitarlo, rivolgersi a: contact@fontenillecollection.com<\/p><p><strong>Propriet\u00e0:<\/strong> Il sito e le informazioni ivi contenute sono protetti dalla legge francese sulla propriet\u00e0 intellettuale e dalle convenzioni internazionali. Fatta eccezione per l'uso in ambito familiare o per uso privato, il sito e nessun elemento del suo contenuto possono essere riprodotti, ripubblicati, trascritti, modificati o ritrasmessi senza l'autorizzazione preventiva dei titolari dei diritti.<\/p><p><!-- \/wp:paragraph --><\/p>\t\t\t\t\t\t\t\t<\/div>\n\t\t\t\t<\/div>\n\t\t\t\t\t<\/div>\n\t\t\t\t<\/div>\n\t\t\t\t<\/div>","protected":false},"excerpt":{"rendered":"<p>Mentions L\u00e9gales Notre site web : https:torre-vella.com Soci\u00e9t\u00e9 : Les Domaines de Fontenille SAS Si\u00e8ge social : Domaine de Fontenille 84360 Lauris Adresse de contact et \u00e9tablissement secondaire : 9 avenue de l\u2019Op\u00e9ra 75001 Paris contact@fontenillecollection.com SIREN : 798 361 184 TVA : FR13 798361184 Capital social : 94 626 400 EUR Objet du site [&hellip;]<\/p>\n","protected":false},"author":6,"featured_media":0,"parent":0,"menu_order":0,"comment_status":"closed","ping_status":"closed","template":"","meta":{"_acf_changed":false,"footnotes":""},"class_list":["post-29018","page","type-page","status-publish","hentry"],"acf":[],"yoast_head":"<!-- This site is optimized with the Yoast SEO plugin v27.5 - https:\/\/yoast.com\/product\/yoast-seo-wordpress\/ -->\n<title>Mentions L\u00e9gales - Torre Vella \u2013 Agroturismo \u00e0 Minorque, luxe et nature sauvage<\/title>\n<meta name=\"robots\" content=\"index, follow, max-snippet:-1, max-image-preview:large, max-video-preview:-1\" \/>\n<link rel=\"canonical\" href=\"https:\/\/www.torre-vella.fontenille-collection.com\/it\/legal-notice\/\" \/>\n<meta property=\"og:locale\" content=\"it_IT\" \/>\n<meta property=\"og:type\" content=\"article\" \/>\n<meta property=\"og:title\" content=\"Mentions L\u00e9gales - Torre Vella \u2013 Agroturismo \u00e0 Minorque, luxe et nature sauvage\" \/>\n<meta property=\"og:description\" content=\"Mentions L\u00e9gales Notre site web : https:torre-vella.com Soci\u00e9t\u00e9 : Les Domaines de Fontenille SAS Si\u00e8ge social : Domaine de Fontenille 84360 Lauris Adresse de contact et \u00e9tablissement secondaire : 9 avenue de l\u2019Op\u00e9ra 75001 Paris contact@fontenillecollection.com SIREN : 798 361 184 TVA : FR13 798361184 Capital social : 94 626 400 EUR Objet du site [&hellip;]\" \/>\n<meta property=\"og:url\" content=\"https:\/\/www.torre-vella.fontenille-collection.com\/it\/legal-notice\/\" \/>\n<meta property=\"og:site_name\" content=\"Torre Vella \u2013 Agroturismo \u00e0 Minorque, luxe et nature sauvage\" \/>\n<meta property=\"article:modified_time\" content=\"2025-10-07T17:56:38+00:00\" \/>\n<meta name=\"twitter:card\" content=\"summary_large_image\" \/>\n<meta name=\"twitter:label1\" content=\"Tempo di lettura stimato\" \/>\n\t<meta name=\"twitter:data1\" content=\"2 minuti\" \/>\n<script type=\"application\/ld+json\" class=\"yoast-schema-graph\">{\"@context\":\"https:\\\/\\\/schema.org\",\"@graph\":[{\"@type\":\"WebPage\",\"@id\":\"https:\\\/\\\/www.torre-vella.fontenille-collection.com\\\/mentions-legales\\\/\",\"url\":\"https:\\\/\\\/www.torre-vella.fontenille-collection.com\\\/mentions-legales\\\/\",\"name\":\"Mentions L\u00e9gales - Torre Vella \u2013 Agroturismo \u00e0 Minorque, luxe et nature sauvage\",\"isPartOf\":{\"@id\":\"https:\\\/\\\/www.torre-vella.fontenille-collection.com\\\/#website\"},\"datePublished\":\"2025-10-07T08:24:35+00:00\",\"dateModified\":\"2025-10-07T17:56:38+00:00\",\"breadcrumb\":{\"@id\":\"https:\\\/\\\/www.torre-vella.fontenille-collection.com\\\/mentions-legales\\\/#breadcrumb\"},\"inLanguage\":\"it-IT\",\"potentialAction\":[{\"@type\":\"ReadAction\",\"target\":[\"https:\\\/\\\/www.torre-vella.fontenille-collection.com\\\/mentions-legales\\\/\"]}]},{\"@type\":\"BreadcrumbList\",\"@id\":\"https:\\\/\\\/www.torre-vella.fontenille-collection.com\\\/mentions-legales\\\/#breadcrumb\",\"itemListElement\":[{\"@type\":\"ListItem\",\"position\":1,\"name\":\"Accueil\",\"item\":\"https:\\\/\\\/www.torre-vella.fontenille-collection.com\\\/\"},{\"@type\":\"ListItem\",\"position\":2,\"name\":\"Mentions L\u00e9gales\"}]},{\"@type\":\"WebSite\",\"@id\":\"https:\\\/\\\/www.torre-vella.fontenille-collection.com\\\/#website\",\"url\":\"https:\\\/\\\/www.torre-vella.fontenille-collection.com\\\/\",\"name\":\"Torre Vella \u2013 Agroturismo \u00e0 Minorque, luxe et nature sauvage\",\"description\":\"Torre Vella, agroturismo de charme \u00e0 Minorque, au c\u0153ur de 200 hectares de nature pr\u00e9serv\u00e9e. Intimit\u00e9, authenticit\u00e9 et \u00e9l\u00e9gance m\u00e9diterran\u00e9enne entre ciel et mer.\",\"publisher\":{\"@id\":\"https:\\\/\\\/www.torre-vella.fontenille-collection.com\\\/#organization\"},\"potentialAction\":[{\"@type\":\"SearchAction\",\"target\":{\"@type\":\"EntryPoint\",\"urlTemplate\":\"https:\\\/\\\/www.torre-vella.fontenille-collection.com\\\/?s={search_term_string}\"},\"query-input\":{\"@type\":\"PropertyValueSpecification\",\"valueRequired\":true,\"valueName\":\"search_term_string\"}}],\"inLanguage\":\"it-IT\"},{\"@type\":\"Organization\",\"@id\":\"https:\\\/\\\/www.torre-vella.fontenille-collection.com\\\/#organization\",\"name\":\"Torre Vella \u2013 Agroturismo \u00e0 Minorque, luxe et nature sauvage\",\"url\":\"https:\\\/\\\/www.torre-vella.fontenille-collection.com\\\/\",\"logo\":{\"@type\":\"ImageObject\",\"inLanguage\":\"it-IT\",\"@id\":\"https:\\\/\\\/www.torre-vella.fontenille-collection.com\\\/#\\\/schema\\\/logo\\\/image\\\/\",\"url\":\"https:\\\/\\\/www.torre-vella.fontenille-collection.com\\\/wp-content\\\/uploads\\\/2024\\\/11\\\/Torre-Vella-Blanc-ok.png\",\"contentUrl\":\"https:\\\/\\\/www.torre-vella.fontenille-collection.com\\\/wp-content\\\/uploads\\\/2024\\\/11\\\/Torre-Vella-Blanc-ok.png\",\"width\":641,\"height\":184,\"caption\":\"Torre Vella \u2013 Agroturismo \u00e0 Minorque, luxe et nature sauvage\"},\"image\":{\"@id\":\"https:\\\/\\\/www.torre-vella.fontenille-collection.com\\\/#\\\/schema\\\/logo\\\/image\\\/\"}}]}<\/script>\n<!-- \/ Yoast SEO plugin. -->","yoast_head_json":{"title":"Note legali - Torre Vella \u2013 Agriturismo a Minorca, lusso e natura selvaggia","robots":{"index":"index","follow":"follow","max-snippet":"max-snippet:-1","max-image-preview":"max-image-preview:large","max-video-preview":"max-video-preview:-1"},"canonical":"https:\/\/www.torre-vella.fontenille-collection.com\/it\/legal-notice\/","og_locale":"it_IT","og_type":"article","og_title":"Mentions L\u00e9gales - Torre Vella \u2013 Agroturismo \u00e0 Minorque, luxe et nature sauvage","og_description":"Mentions L\u00e9gales Notre site web : https:torre-vella.com Soci\u00e9t\u00e9 : Les Domaines de Fontenille SAS Si\u00e8ge social : Domaine de Fontenille 84360 Lauris Adresse de contact et \u00e9tablissement secondaire : 9 avenue de l\u2019Op\u00e9ra 75001 Paris contact@fontenillecollection.com SIREN : 798 361 184 TVA : FR13 798361184 Capital social : 94 626 400 EUR Objet du site [&hellip;]","og_url":"https:\/\/www.torre-vella.fontenille-collection.com\/it\/legal-notice\/","og_site_name":"Torre Vella \u2013 Agroturismo \u00e0 Minorque, luxe et nature sauvage","article_modified_time":"2025-10-07T17:56:38+00:00","twitter_card":"summary_large_image","twitter_misc":{"Tempo di lettura stimato":"2 minuti"},"schema":{"@context":"https:\/\/schema.org","@graph":[{"@type":"WebPage","@id":"https:\/\/www.torre-vella.fontenille-collection.com\/mentions-legales\/","url":"https:\/\/www.torre-vella.fontenille-collection.com\/mentions-legales\/","name":"Note legali - Torre Vella \u2013 Agriturismo a Minorca, lusso e natura selvaggia","isPartOf":{"@id":"https:\/\/www.torre-vella.fontenille-collection.com\/#website"},"datePublished":"2025-10-07T08:24:35+00:00","dateModified":"2025-10-07T17:56:38+00:00","breadcrumb":{"@id":"https:\/\/www.torre-vella.fontenille-collection.com\/mentions-legales\/#breadcrumb"},"inLanguage":"it-IT","potentialAction":[{"@type":"ReadAction","target":["https:\/\/www.torre-vella.fontenille-collection.com\/mentions-legales\/"]}]},{"@type":"BreadcrumbList","@id":"https:\/\/www.torre-vella.fontenille-collection.com\/mentions-legales\/#breadcrumb","itemListElement":[{"@type":"ListItem","position":1,"name":"Accueil","item":"https:\/\/www.torre-vella.fontenille-collection.com\/"},{"@type":"ListItem","position":2,"name":"Mentions L\u00e9gales"}]},{"@type":"WebSite","@id":"https:\/\/www.torre-vella.fontenille-collection.com\/#website","url":"https:\/\/www.torre-vella.fontenille-collection.com\/","name":"Torre Vella - Agroturismo a Minorca, lusso e natura selvaggia","description":"Torre Vella, un agroturismo di charme a Minorca, immerso in 200 ettari di campagna incontaminata. Privacy, autenticit\u00e0 ed eleganza mediterranea tra mare e cielo.","publisher":{"@id":"https:\/\/www.torre-vella.fontenille-collection.com\/#organization"},"potentialAction":[{"@type":"SearchAction","target":{"@type":"EntryPoint","urlTemplate":"https:\/\/www.torre-vella.fontenille-collection.com\/?s={search_term_string}"},"query-input":{"@type":"PropertyValueSpecification","valueRequired":true,"valueName":"search_term_string"}}],"inLanguage":"it-IT"},{"@type":"Organization","@id":"https:\/\/www.torre-vella.fontenille-collection.com\/#organization","name":"Torre Vella - Agroturismo a Minorca, lusso e natura selvaggia","url":"https:\/\/www.torre-vella.fontenille-collection.com\/","logo":{"@type":"ImageObject","inLanguage":"it-IT","@id":"https:\/\/www.torre-vella.fontenille-collection.com\/#\/schema\/logo\/image\/","url":"https:\/\/www.torre-vella.fontenille-collection.com\/wp-content\/uploads\/2024\/11\/Torre-Vella-Blanc-ok.png","contentUrl":"https:\/\/www.torre-vella.fontenille-collection.com\/wp-content\/uploads\/2024\/11\/Torre-Vella-Blanc-ok.png","width":641,"height":184,"caption":"Torre Vella \u2013 Agroturismo \u00e0 Minorque, luxe et nature sauvage"},"image":{"@id":"https:\/\/www.torre-vella.fontenille-collection.com\/#\/schema\/logo\/image\/"}}]}},"_links":{"self":[{"href":"https:\/\/www.torre-vella.fontenille-collection.com\/it\/wp-json\/wp\/v2\/pages\/29018","targetHints":{"allow":["GET"]}}],"collection":[{"href":"https:\/\/www.torre-vella.fontenille-collection.com\/it\/wp-json\/wp\/v2\/pages"}],"about":[{"href":"https:\/\/www.torre-vella.fontenille-collection.com\/it\/wp-json\/wp\/v2\/types\/page"}],"author":[{"embeddable":true,"href":"https:\/\/www.torre-vella.fontenille-collection.com\/it\/wp-json\/wp\/v2\/users\/6"}],"replies":[{"embeddable":true,"href":"https:\/\/www.torre-vella.fontenille-collection.com\/it\/wp-json\/wp\/v2\/comments?post=29018"}],"version-history":[{"count":9,"href":"https:\/\/www.torre-vella.fontenille-collection.com\/it\/wp-json\/wp\/v2\/pages\/29018\/revisions"}],"predecessor-version":[{"id":29055,"href":"https:\/\/www.torre-vella.fontenille-collection.com\/it\/wp-json\/wp\/v2\/pages\/29018\/revisions\/29055"}],"wp:attachment":[{"href":"https:\/\/www.torre-vella.fontenille-collection.com\/it\/wp-json\/wp\/v2\/media?parent=29018"}],"curies":[{"name":"wp","href":"https:\/\/api.w.org\/{rel}","templated":true}]}}