{"id":29019,"date":"2025-10-07T08:24:37","date_gmt":"2025-10-07T08:24:37","guid":{"rendered":"https:\/\/www.torre-vella.fontenille-collection.com\/?page_id=29019"},"modified":"2025-10-07T17:56:45","modified_gmt":"2025-10-07T17:56:45","slug":"informativa-privacy","status":"publish","type":"page","link":"https:\/\/www.torre-vella.fontenille-collection.com\/it\/informativa-privacy\/","title":{"rendered":"Riservatezza"},"content":{"rendered":"<div data-elementor-type=\"wp-page\" data-elementor-id=\"29019\" class=\"elementor elementor-29019\" data-elementor-settings=\"{&quot;asli_hide_title_disabled&quot;:&quot;yes&quot;}\" data-elementor-post-type=\"page\">\n\t\t\t\t<div class=\"elementor-element elementor-element-34911509 e-flex e-con-boxed pt-xlarge px-gutters-horizontal e-con e-parent\" data-id=\"34911509\" data-element_type=\"container\" data-e-type=\"container\" data-settings=\"{&quot;background_background&quot;:&quot;classic&quot;}\">\n\t\t\t\t\t<div class=\"e-con-inner\">\n\t\t\t\t<div class=\"elementor-element elementor-element-4772eee2 elementor-widget elementor-widget-text-editor\" data-id=\"4772eee2\" data-element_type=\"widget\" data-e-type=\"widget\" data-widget_type=\"text-editor.default\">\n\t\t\t\t<div class=\"elementor-widget-container\">\n\t\t\t\t\t\t\t\t\t<h2>Informativa sulla Privacy<\/h2>\n<p><!-- \/wp:heading --><!-- wp:paragraph --><\/p>\n<h5><strong>Informazioni generali:<\/strong><\/h5>\n<p>Quando visiti il nostro sito web, vengono raccolti diversi tipi di informazioni, tra cui l'indirizzo IP da cui accedi al sito, la versione e il tipo di browser utilizzati per accedere al sito, il sistema operativo utilizzato, i domini e l'ora della richiesta. Queste informazioni non ci consentono di identificare l'identit\u00e0 dell'utente e non \u00e8 questo il nostro obiettivo. Utilizziamo le informazioni raccolte a fini esclusivamente statistici che ci consentono principalmente di migliorare il contenuto e la presentazione del nostro sito web. Si prega di notare che possiamo raccogliere dati aggiuntivi, come nome, indirizzi postali ed e-mail, numero di telefono, che ci fornirai volontariamente navigando sul nostro sito. Puoi anche pagare e utilizzare i nostri servizi utilizzando uno pseudonimo o dati anonimi, senza comunicarci i dati personali sopra menzionati.<\/p>\n<h5><strong>Biscotti<\/strong><\/h5>\n<p>Questo sito web utilizza i cookie per raccogliere dati a fini statistici. I cookie sono piccoli file memorizzati sul disco rigido del vostro computer; quando navigate sul nostro sito, monitorano la vostra attivit\u00e0 e ci forniscono dati chiave per facilitare la navigazione. Se i cookie vengono memorizzati sul vostro computer, non dovrete inserire tutti i dati necessari per accedere al sito ogni volta che lo visitate. Questi dati ci permettono di personalizzare il nostro sito web in base ai vostri gusti e alle vostre esigenze; questo fa parte del nostro sforzo generale per fornirvi un accesso continuo alle nostre pagine e ai nostri servizi. Se non desiderate che i cookie vengano memorizzati sul vostro computer, potete utilizzare le impostazioni del vostro browser per bloccare i cookie dal nostro sito. Per sapere come configurare il vostro browser per gestire i cookie, visitate il centro assistenza del vostro browser. Potete cancellare i cookie gi\u00e0 memorizzati sul vostro computer ogni volta che lo desiderate. Si noti che il blocco dei cookie pu\u00f2 limitare l'accesso ad alcune funzioni del nostro sito e comportare un'esperienza di navigazione meno fluida.<\/p>\n<h5><strong>Comunicazione dei dati a terzi:<\/strong><\/h5>\n<p>Se non diversamente indicato nella presente informativa, tutti i dati che condividete con noi, o che raccogliamo da voi quando navigate sul nostro sito, saranno mantenuti segreti e non saranno divulgati a terzi, se non nei casi previsti dalla legge o se i dati devono essere trasmessi per adempiere al rapporto contrattuale che avete sottoscritto. Societ\u00e0 terze e associate, comprese le societ\u00e0 di pagamento online, avranno accesso a questi dati solo se necessario per elaborare l'ordine. In questi casi, ci assicureremo che la portata della trasmissione dei dati sia limitata al minimo indispensabile concordato. Inoltre, imponiamo una rigorosa politica di protezione dei dati personali che ci fornite o che troviamo. Seguendo questa politica, ci atteniamo alle disposizioni della legislazione sulla protezione dei dati. Si prega di notare che non siamo responsabili per i dati forniti ad altri fornitori di servizi. Prendiamo provvedimenti solo per garantire che i dati che vi riguardano forniti da altri fornitori di servizi siano forniti nel pieno rispetto dei requisiti delle leggi sulla protezione dei dati e sulla privacy, come indicato nella nostra Informativa sulla privacy.<\/p>\n<h5><strong>Google Analytics<\/strong><\/h5>\n<p>Questo sito web utilizza Google Analytics, un servizio di analisi web fornito da Google che aiuta i siti a capire come personalizzare le proprie pagine per migliorare l'esperienza utente. Questo servizio utilizza i cookie per monitorare le tue azioni, incluso il tempo trascorso sul nostro sito e le pagine visitate. Si prega di notare che nessun dato personale viene raccolto tramite il nostro account Google Analytics, quindi non siamo in grado di identificare chi visita il nostro sito. Per saperne di pi\u00f9 su Google Analytics, visita la pagina ufficiale.<\/p>\n<h5><strong>Remarketing di Google Adwords<\/strong><\/h5>\n<p>Utilizziamo il remarketing di Google AdWords per fare pubblicit\u00e0 su Internet. Il programma di remarketing di AdWords permette di mostrare annunci pertinenti in base alle pagine del sito che visiti. Queste informazioni vengono raccolte da un cookie posizionato sul tuo computer. QUESTO COOKIE NON IDENTIFICHER\u00c0 ALCUN DATO PERSONALE E NON AUTORIZZER\u00c0 L'ACCESSO AL TUO COMPUTER. Grazie al programma di remarketing di Google AdWords, siamo in grado di personalizzare le nostre azioni di marketing per soddisfare le tue esigenze e mostrare solo gli annunci che sono pi\u00f9 suscettibili di piacerti.<\/p>\n<p>Facebook: pixel di pubblico personalizzato (pubblico personalizzato dal tuo sito web):<\/p>\n<p>Un pixel di Facebook per il pubblico personalizzato \u00e8 un frammento di codice JavaScript installato su ogni pagina del tuo sito che raccoglie e trasmette dati definiti dall'utente al programma di marketing di Facebook. Utilizziamo questo servizio per raccogliere dati relativi al comportamento degli utenti sul nostro sito. Tra le informazioni raccolte dal pixel vi \u00e8 la sessione di navigazione dell'utente, che viene inviata a Facebook accompagnata da un ID hashato e dall'URL visitato dall'utente. Ogni utente di Facebook possiede un ID univoco di Facebook, indipendentemente dal dispositivo utilizzato, che ci aiuta a monitorare i visitatori quando accedono al nostro sito da diversi tipi di dispositivi. Utilizziamo questi dati per scopi commerciali e in particolare per indirizzare le pubblicit\u00e0 con la piattaforma pubblicitaria di Facebook.<\/p>\n<h5><strong>Newsletter:<\/strong><\/h5>\n<p>Riceverai informazioni pubblicitarie tramite la nostra newsletter solo se ci autorizzi a utilizzare il tuo indirizzo email a tale scopo. Il nostro sito o le sue filiali non ti invieranno mai newsletter o email a carattere pubblicitario se non ti sei iscritto. Iscrivendoti alla nostra newsletter, puoi scegliere i tuoi argomenti di interesse per ricevere le email a essi collegate. Utilizziamo queste indicazioni, unitamente ai tuoi dati personali, per inviarti informazioni che ti interessano. Se preferisci disiscriverti dalla nostra newsletter o dalle nostre email pubblicitarie, puoi cliccare sul link di cancellazione in fondo alle nostre email.<\/p>\n<h5>Videosorveglianza:<\/h5>\n<p>I locali sono videosorvegliati da Les Domaines de Fontenille SAS per la sicurezza delle persone e dei beni.<\/p>\n<p>Le immagini vengono conservate per un mese. In caso di incidente relativo alla sicurezza delle persone e dei beni, le immagini di videosorveglianza possono comunque essere estratte dal dispositivo. Vengono quindi conservate su un altro supporto per il tempo necessario alla definizione delle procedure relative a tale incidente e accessibili esclusivamente alle persone autorizzate in tale contesto.<\/p>\n<p>Le immagini possono essere visionate, in caso di incidente, dal personale autorizzato della struttura interessata o della societ\u00e0 Les Domaines de Fontenille SAS e dalle forze dell'ordine. Il personale della societ\u00e0 incaricato della manutenzione delle apparecchiature pu\u00f2 anch'esso accedere alle immagini, a questo solo scopo.<\/p>\n<p>Per esercitare i tuoi diritti in materia di protezione dei dati personali, in particolare il tuo diritto di accesso alle immagini che ti riguardano, il tuo diritto di richiederne la cancellazione, il tuo diritto di opposizione o per qualsiasi informazione su questo dispositivo, puoi contattarci scrivendo a <strong>privacy@fontenillecollection.com<\/strong> o all'indirizzo postale: 9, avenue de l'Op\u00e9ra, 75001 Parigi.<\/p>\n<p>Se ritieni, dopo averci contattato, che i tuoi diritti in materia di informatica e libert\u00e0 non vengano rispettati o che il sistema di videosorveglianza non sia conforme alle regole di protezione dei dati, puoi inviare un reclamo online alla CNIL o per posta.<\/p>\n<h5>Trattamento dei tuoi dati personali:<\/h5>\n<p>I dati personali raccolti sul sito web, tramite moduli di contatto, telefonicamente o con altri mezzi, sono trattati in conformit\u00e0 con il Regolamento (UE) 2016\/679 del Parlamento europeo e del Consiglio del 27 aprile 2016, relativo alla protezione delle persone fisiche riguardo al trattamento dei dati personali e alla libera circolazione di tali dati, e la legge n. 78-17 del 6 gennaio 1978, relativa all'informatica, ai file e alle libert\u00e0, meglio conosciuta come legge \"informatica e libert\u00e0\".<\/p>\n<p>Le basi legali del trattamento sono l\u2019obbligo legale, l\u2019interesse legittimo (videosorveglianza), il consenso (newsletter) o il contratto (prenotazioni).<\/p>\n<p>Les Domaines de Fontenille SAS non conserver\u00e0 i dati personali del cliente per un periodo superiore a quello prescritto dalle leggi e dai regolamenti applicabili ai dati personali.<\/p>\n<p>Les Domaines de Fontenille SAS non effettua trasferimenti a fini di trattamento, ospitalit\u00e0 o accesso remoto, senza previo accordo scritto del cliente, al di fuori dei paesi dell'Unione Europea e dei paesi riconosciuti dalla Commissione Europea come paesi che garantiscono una protezione adeguata alla data del trasferimento in questione. Si dispone di un diritto di accesso, modifica, rettifica, revoca del consenso e cancellazione dei dati che riguardano (art. 34 della legge \u00abInformatica e Libert\u00e0\u00bb).<\/p>\n<p>Per esercitarlo, rivolgersi a: privacy@fontenillecollection.com<\/p>\n<p><strong>OBBLIGO DI INFORMAZIONE RELATIVO AL DISPOSITIVO BLOCTEL<\/strong> (articolo L223-2 del Codice del Consumo)<\/p>\n<p>\u00ab Quando un professionista \u00e8 portato a raccogliere dati telefonici da un consumatore, lo informa del suo diritto di iscriversi all'elenco di opposizione al telemarketing. Quando tale raccolta di informazioni avviene in occasione della conclusione di un contratto, il contratto menziona, in modo chiaro e comprensibile, l'esistenza di questo diritto per il consumatore. \u00bb<\/p>\n<p>Puoi iscriverti gratuitamente alla lista di opposizione al telemarketing denominata BLOCTEL.<\/p>\t\t\t\t\t\t\t\t<\/div>\n\t\t\t\t<\/div>\n\t\t\t\t\t<\/div>\n\t\t\t\t<\/div>\n\t\t\t\t<\/div>","protected":false},"excerpt":{"rendered":"<p>Politique de Confidentialit\u00e9 Informations g\u00e9n\u00e9rales : Lorsque vous visitez notre site Internet, diff\u00e9rents types d\u2019informations sont r\u00e9colt\u00e9s dont l\u2019adresse IP depuis laquelle vous acc\u00e9dez au site, la version et le type de navigateur utilis\u00e9s pour acc\u00e9der au site, le syst\u00e8me d\u2019exploitation utilis\u00e9, les domaines et l\u2019heure de la requ\u00eate. Ces informations ne nous permettent pas [&hellip;]<\/p>\n","protected":false},"author":6,"featured_media":0,"parent":0,"menu_order":0,"comment_status":"closed","ping_status":"closed","template":"","meta":{"_acf_changed":false,"footnotes":""},"class_list":["post-29019","page","type-page","status-publish","hentry"],"acf":[],"yoast_head":"<!-- This site is optimized with the Yoast SEO plugin v27.5 - https:\/\/yoast.com\/product\/yoast-seo-wordpress\/ -->\n<title>Confidentialit\u00e9 - Torre Vella \u2013 Agroturismo \u00e0 Minorque, luxe et nature sauvage<\/title>\n<meta name=\"robots\" content=\"index, follow, max-snippet:-1, max-image-preview:large, max-video-preview:-1\" \/>\n<link rel=\"canonical\" href=\"https:\/\/www.torre-vella.fontenille-collection.com\/it\/informativa-privacy\/\" \/>\n<meta property=\"og:locale\" content=\"it_IT\" \/>\n<meta property=\"og:type\" content=\"article\" \/>\n<meta property=\"og:title\" content=\"Confidentialit\u00e9 - Torre Vella \u2013 Agroturismo \u00e0 Minorque, luxe et nature sauvage\" \/>\n<meta property=\"og:description\" content=\"Politique de Confidentialit\u00e9 Informations g\u00e9n\u00e9rales : Lorsque vous visitez notre site Internet, diff\u00e9rents types d\u2019informations sont r\u00e9colt\u00e9s dont l\u2019adresse IP depuis laquelle vous acc\u00e9dez au site, la version et le type de navigateur utilis\u00e9s pour acc\u00e9der au site, le syst\u00e8me d\u2019exploitation utilis\u00e9, les domaines et l\u2019heure de la requ\u00eate. Ces informations ne nous permettent pas [&hellip;]\" \/>\n<meta property=\"og:url\" content=\"https:\/\/www.torre-vella.fontenille-collection.com\/it\/informativa-privacy\/\" \/>\n<meta property=\"og:site_name\" content=\"Torre Vella \u2013 Agroturismo \u00e0 Minorque, luxe et nature sauvage\" \/>\n<meta property=\"article:modified_time\" content=\"2025-10-07T17:56:45+00:00\" \/>\n<meta name=\"twitter:card\" content=\"summary_large_image\" \/>\n<meta name=\"twitter:label1\" content=\"Tempo di lettura stimato\" \/>\n\t<meta name=\"twitter:data1\" content=\"8 minuti\" \/>\n<script type=\"application\/ld+json\" class=\"yoast-schema-graph\">{\"@context\":\"https:\\\/\\\/schema.org\",\"@graph\":[{\"@type\":\"WebPage\",\"@id\":\"https:\\\/\\\/www.torre-vella.fontenille-collection.com\\\/politique-de-confidentialite\\\/\",\"url\":\"https:\\\/\\\/www.torre-vella.fontenille-collection.com\\\/politique-de-confidentialite\\\/\",\"name\":\"Confidentialit\u00e9 - Torre Vella \u2013 Agroturismo \u00e0 Minorque, luxe et nature sauvage\",\"isPartOf\":{\"@id\":\"https:\\\/\\\/www.torre-vella.fontenille-collection.com\\\/#website\"},\"datePublished\":\"2025-10-07T08:24:37+00:00\",\"dateModified\":\"2025-10-07T17:56:45+00:00\",\"breadcrumb\":{\"@id\":\"https:\\\/\\\/www.torre-vella.fontenille-collection.com\\\/politique-de-confidentialite\\\/#breadcrumb\"},\"inLanguage\":\"it-IT\",\"potentialAction\":[{\"@type\":\"ReadAction\",\"target\":[\"https:\\\/\\\/www.torre-vella.fontenille-collection.com\\\/politique-de-confidentialite\\\/\"]}]},{\"@type\":\"BreadcrumbList\",\"@id\":\"https:\\\/\\\/www.torre-vella.fontenille-collection.com\\\/politique-de-confidentialite\\\/#breadcrumb\",\"itemListElement\":[{\"@type\":\"ListItem\",\"position\":1,\"name\":\"Accueil\",\"item\":\"https:\\\/\\\/www.torre-vella.fontenille-collection.com\\\/\"},{\"@type\":\"ListItem\",\"position\":2,\"name\":\"Confidentialit\u00e9\"}]},{\"@type\":\"WebSite\",\"@id\":\"https:\\\/\\\/www.torre-vella.fontenille-collection.com\\\/#website\",\"url\":\"https:\\\/\\\/www.torre-vella.fontenille-collection.com\\\/\",\"name\":\"Torre Vella \u2013 Agroturismo \u00e0 Minorque, luxe et nature sauvage\",\"description\":\"Torre Vella, agroturismo de charme \u00e0 Minorque, au c\u0153ur de 200 hectares de nature pr\u00e9serv\u00e9e. Intimit\u00e9, authenticit\u00e9 et \u00e9l\u00e9gance m\u00e9diterran\u00e9enne entre ciel et mer.\",\"publisher\":{\"@id\":\"https:\\\/\\\/www.torre-vella.fontenille-collection.com\\\/#organization\"},\"potentialAction\":[{\"@type\":\"SearchAction\",\"target\":{\"@type\":\"EntryPoint\",\"urlTemplate\":\"https:\\\/\\\/www.torre-vella.fontenille-collection.com\\\/?s={search_term_string}\"},\"query-input\":{\"@type\":\"PropertyValueSpecification\",\"valueRequired\":true,\"valueName\":\"search_term_string\"}}],\"inLanguage\":\"it-IT\"},{\"@type\":\"Organization\",\"@id\":\"https:\\\/\\\/www.torre-vella.fontenille-collection.com\\\/#organization\",\"name\":\"Torre Vella \u2013 Agroturismo \u00e0 Minorque, luxe et nature sauvage\",\"url\":\"https:\\\/\\\/www.torre-vella.fontenille-collection.com\\\/\",\"logo\":{\"@type\":\"ImageObject\",\"inLanguage\":\"it-IT\",\"@id\":\"https:\\\/\\\/www.torre-vella.fontenille-collection.com\\\/#\\\/schema\\\/logo\\\/image\\\/\",\"url\":\"https:\\\/\\\/www.torre-vella.fontenille-collection.com\\\/wp-content\\\/uploads\\\/2024\\\/11\\\/Torre-Vella-Blanc-ok.png\",\"contentUrl\":\"https:\\\/\\\/www.torre-vella.fontenille-collection.com\\\/wp-content\\\/uploads\\\/2024\\\/11\\\/Torre-Vella-Blanc-ok.png\",\"width\":641,\"height\":184,\"caption\":\"Torre Vella \u2013 Agroturismo \u00e0 Minorque, luxe et nature sauvage\"},\"image\":{\"@id\":\"https:\\\/\\\/www.torre-vella.fontenille-collection.com\\\/#\\\/schema\\\/logo\\\/image\\\/\"}}]}<\/script>\n<!-- \/ Yoast SEO plugin. -->","yoast_head_json":{"title":"Riservatezza - Torre Vella \u2013 Agriturismo a Minorca, lusso e natura selvaggia","robots":{"index":"index","follow":"follow","max-snippet":"max-snippet:-1","max-image-preview":"max-image-preview:large","max-video-preview":"max-video-preview:-1"},"canonical":"https:\/\/www.torre-vella.fontenille-collection.com\/it\/informativa-privacy\/","og_locale":"it_IT","og_type":"article","og_title":"Confidentialit\u00e9 - Torre Vella \u2013 Agroturismo \u00e0 Minorque, luxe et nature sauvage","og_description":"Politique de Confidentialit\u00e9 Informations g\u00e9n\u00e9rales : Lorsque vous visitez notre site Internet, diff\u00e9rents types d\u2019informations sont r\u00e9colt\u00e9s dont l\u2019adresse IP depuis laquelle vous acc\u00e9dez au site, la version et le type de navigateur utilis\u00e9s pour acc\u00e9der au site, le syst\u00e8me d\u2019exploitation utilis\u00e9, les domaines et l\u2019heure de la requ\u00eate. Ces informations ne nous permettent pas [&hellip;]","og_url":"https:\/\/www.torre-vella.fontenille-collection.com\/it\/informativa-privacy\/","og_site_name":"Torre Vella \u2013 Agroturismo \u00e0 Minorque, luxe et nature sauvage","article_modified_time":"2025-10-07T17:56:45+00:00","twitter_card":"summary_large_image","twitter_misc":{"Tempo di lettura stimato":"8 minuti"},"schema":{"@context":"https:\/\/schema.org","@graph":[{"@type":"WebPage","@id":"https:\/\/www.torre-vella.fontenille-collection.com\/politique-de-confidentialite\/","url":"https:\/\/www.torre-vella.fontenille-collection.com\/politique-de-confidentialite\/","name":"Riservatezza - Torre Vella \u2013 Agriturismo a Minorca, lusso e natura selvaggia","isPartOf":{"@id":"https:\/\/www.torre-vella.fontenille-collection.com\/#website"},"datePublished":"2025-10-07T08:24:37+00:00","dateModified":"2025-10-07T17:56:45+00:00","breadcrumb":{"@id":"https:\/\/www.torre-vella.fontenille-collection.com\/politique-de-confidentialite\/#breadcrumb"},"inLanguage":"it-IT","potentialAction":[{"@type":"ReadAction","target":["https:\/\/www.torre-vella.fontenille-collection.com\/politique-de-confidentialite\/"]}]},{"@type":"BreadcrumbList","@id":"https:\/\/www.torre-vella.fontenille-collection.com\/politique-de-confidentialite\/#breadcrumb","itemListElement":[{"@type":"ListItem","position":1,"name":"Accueil","item":"https:\/\/www.torre-vella.fontenille-collection.com\/"},{"@type":"ListItem","position":2,"name":"Confidentialit\u00e9"}]},{"@type":"WebSite","@id":"https:\/\/www.torre-vella.fontenille-collection.com\/#website","url":"https:\/\/www.torre-vella.fontenille-collection.com\/","name":"Torre Vella - Agroturismo a Minorca, lusso e natura selvaggia","description":"Torre Vella, un agroturismo di charme a Minorca, immerso in 200 ettari di campagna incontaminata. Privacy, autenticit\u00e0 ed eleganza mediterranea tra mare e cielo.","publisher":{"@id":"https:\/\/www.torre-vella.fontenille-collection.com\/#organization"},"potentialAction":[{"@type":"SearchAction","target":{"@type":"EntryPoint","urlTemplate":"https:\/\/www.torre-vella.fontenille-collection.com\/?s={search_term_string}"},"query-input":{"@type":"PropertyValueSpecification","valueRequired":true,"valueName":"search_term_string"}}],"inLanguage":"it-IT"},{"@type":"Organization","@id":"https:\/\/www.torre-vella.fontenille-collection.com\/#organization","name":"Torre Vella - Agroturismo a Minorca, lusso e natura selvaggia","url":"https:\/\/www.torre-vella.fontenille-collection.com\/","logo":{"@type":"ImageObject","inLanguage":"it-IT","@id":"https:\/\/www.torre-vella.fontenille-collection.com\/#\/schema\/logo\/image\/","url":"https:\/\/www.torre-vella.fontenille-collection.com\/wp-content\/uploads\/2024\/11\/Torre-Vella-Blanc-ok.png","contentUrl":"https:\/\/www.torre-vella.fontenille-collection.com\/wp-content\/uploads\/2024\/11\/Torre-Vella-Blanc-ok.png","width":641,"height":184,"caption":"Torre Vella \u2013 Agroturismo \u00e0 Minorque, luxe et nature sauvage"},"image":{"@id":"https:\/\/www.torre-vella.fontenille-collection.com\/#\/schema\/logo\/image\/"}}]}},"_links":{"self":[{"href":"https:\/\/www.torre-vella.fontenille-collection.com\/it\/wp-json\/wp\/v2\/pages\/29019","targetHints":{"allow":["GET"]}}],"collection":[{"href":"https:\/\/www.torre-vella.fontenille-collection.com\/it\/wp-json\/wp\/v2\/pages"}],"about":[{"href":"https:\/\/www.torre-vella.fontenille-collection.com\/it\/wp-json\/wp\/v2\/types\/page"}],"author":[{"embeddable":true,"href":"https:\/\/www.torre-vella.fontenille-collection.com\/it\/wp-json\/wp\/v2\/users\/6"}],"replies":[{"embeddable":true,"href":"https:\/\/www.torre-vella.fontenille-collection.com\/it\/wp-json\/wp\/v2\/comments?post=29019"}],"version-history":[{"count":9,"href":"https:\/\/www.torre-vella.fontenille-collection.com\/it\/wp-json\/wp\/v2\/pages\/29019\/revisions"}],"predecessor-version":[{"id":29056,"href":"https:\/\/www.torre-vella.fontenille-collection.com\/it\/wp-json\/wp\/v2\/pages\/29019\/revisions\/29056"}],"wp:attachment":[{"href":"https:\/\/www.torre-vella.fontenille-collection.com\/it\/wp-json\/wp\/v2\/media?parent=29019"}],"curies":[{"name":"wp","href":"https:\/\/api.w.org\/{rel}","templated":true}]}}